{"id":3,"date":"2026-01-07T09:35:08","date_gmt":"2026-01-07T09:35:08","guid":{"rendered":"http:\/\/hzdrop.com\/?page_id=3"},"modified":"2026-02-26T02:15:51","modified_gmt":"2026-02-26T02:15:51","slug":"privacy-policy","status":"publish","type":"page","link":"https:\/\/hzdrop.com\/fr\/privacy-policy\/","title":{"rendered":"Politique de confidentialit\u00e9"},"content":{"rendered":"<div data-elementor-type=\"wp-page\" data-elementor-id=\"3\" class=\"elementor elementor-3\" data-elementor-post-type=\"page\">\n\t\t\t\t\t\t<section class=\"elementor-section elementor-top-section elementor-element elementor-element-11ce7503 elementor-section-boxed elementor-section-height-default elementor-section-height-default\" data-id=\"11ce7503\" data-element_type=\"section\">\n\t\t\t\t\t\t<div class=\"elementor-container elementor-column-gap-default\">\n\t\t\t\t\t<div class=\"elementor-column elementor-col-100 elementor-top-column elementor-element elementor-element-3da4719a\" data-id=\"3da4719a\" data-element_type=\"column\">\n\t\t\t<div class=\"elementor-widget-wrap elementor-element-populated\">\n\t\t\t\t\t\t<div class=\"elementor-element elementor-element-526fbb29 elementor-widget elementor-widget-icon-box\" data-id=\"526fbb29\" data-element_type=\"widget\" data-widget_type=\"icon-box.default\">\n\t\t\t\t\t\t\t<div class=\"elementor-icon-box-wrapper\">\n\n\t\t\t\n\t\t\t\t\t\t<div class=\"elementor-icon-box-content\">\n\n\t\t\t\t\t\t\t\t\t<h1 class=\"elementor-icon-box-title\">\n\t\t\t\t\t\t<span  >\n\t\t\t\t\t\t\tPolitique de confidentialit\u00e9\t\t\t\t\t\t<\/span>\n\t\t\t\t\t<\/h1>\n\t\t\t\t\n\t\t\t\t\t\t\t\t\t<p class=\"elementor-icon-box-description\">\n\t\t\t\t\t\tLa pr\u00e9sente politique de confidentialit\u00e9 d\u00e9crit la mani\u00e8re dont https:\/\/app.hzdrop.com (le \u201csite\u201d ou \u201cnous\u201d) recueille, utilise et divulgue vos informations personnelles lorsque vous visitez ou effectuez un achat sur le site.\t\t\t\t\t<\/p>\n\t\t\t\t\n\t\t\t<\/div>\n\t\t\t\n\t\t<\/div>\n\t\t\t\t\t\t<\/div>\n\t\t\t\t\t<\/div>\n\t\t<\/div>\n\t\t\t\t\t<\/div>\n\t\t<\/section>\n\t\t<div class=\"elementor-element elementor-element-365ffb54 e-flex e-con-boxed e-con e-parent\" data-id=\"365ffb54\" data-element_type=\"container\" data-settings=\"{&quot;background_background&quot;:&quot;classic&quot;}\">\n\t\t\t\t\t<div class=\"e-con-inner\">\n\t\t\t\t<div class=\"elementor-element elementor-element-7b351ebf elementor-widget elementor-widget-text-editor\" data-id=\"7b351ebf\" data-element_type=\"widget\" data-widget_type=\"text-editor.default\">\n\t\t\t\t\t\t\t\t\t<h1><strong><b>Collecte d'informations personnelles<\/b><\/strong><\/h1><p>Lorsque vous visitez le site, nous recueillons certaines informations sur votre appareil, votre interaction avec le site et les informations n\u00e9cessaires au traitement de vos achats. Nous pouvons \u00e9galement recueillir des informations suppl\u00e9mentaires si vous nous contactez pour une assistance \u00e0 la client\u00e8le. Dans la pr\u00e9sente politique de confidentialit\u00e9, nous d\u00e9signons par \u201cinformations personnelles\u201d toute information permettant d'identifier une personne de mani\u00e8re unique (y compris les informations ci-dessous). Voir la liste ci-dessous pour plus d'informations sur les informations personnelles que nous collectons et pourquoi.<\/p><p><u>Informations sur l'appareil<\/u><\/p><ul><li><strong>Exemples d'informations personnelles collect\u00e9es :<\/strong>la version du navigateur web, l'adresse IP, le fuseau horaire, les informations sur les cookies, les sites ou les produits que vous consultez, les termes de recherche et la mani\u00e8re dont vous interagissez avec le site.<\/li><li><strong>Objectif de la collecte :<\/strong>pour charger le site avec pr\u00e9cision et pour effectuer des analyses sur l'utilisation du site afin de l'optimiser.<\/li><li><strong>Source de la collection :<\/strong>recueillies automatiquement lorsque vous acc\u00e9dez \u00e0 notre site \u00e0 l'aide de cookies, de fichiers journaux, de balises web, de tags ou de pixels\u00a0<em><i>[AJOUTER OU SOUSTRAIRE TOUTE AUTRE TECHNOLOGIE DE SUIVI UTILIS\u00c9E].<\/i><\/em>.<\/li><li><strong>Divulgation \u00e0 des fins professionnelles :<\/strong>partag\u00e9 avec notre processeur Shopify\u00a0<em><i>[AJOUTEZ TOUT AUTRE FOURNISSEUR AVEC LEQUEL VOUS PARTAGEZ CES INFORMATIONS]<\/i><\/em>.<\/li><\/ul><p><u>Informations sur les commandes<\/u><\/p><ul><li><strong>Exemples d'informations personnelles collect\u00e9es :<\/strong>nom, adresse de facturation, adresse de livraison, informations relatives au paiement (y compris les num\u00e9ros de carte de cr\u00e9dit)\u00a0<em><i>[INS\u00c9RER TOUT AUTRE TYPE DE PAIEMENT ACCEPT\u00c9]<\/i><\/em>), l'adresse \u00e9lectronique et le num\u00e9ro de t\u00e9l\u00e9phone.<\/li><li><strong>Objectif de la collecte :<\/strong>pour vous fournir des produits ou des services afin d'ex\u00e9cuter notre contrat, pour traiter vos informations de paiement, organiser l'exp\u00e9dition et vous fournir des factures et\/ou des confirmations de commande, pour communiquer avec vous, pour examiner nos commandes afin de d\u00e9tecter tout risque potentiel ou toute fraude et, lorsque cela correspond aux pr\u00e9f\u00e9rences que vous avez partag\u00e9es avec nous, pour vous fournir des informations ou de la publicit\u00e9 concernant nos produits ou services.<\/li><li><strong>Source de la collection :<\/strong>recueillies aupr\u00e8s de vous.<\/li><li><strong>Divulgation \u00e0 des fins professionnelles :<\/strong>partag\u00e9 avec notre processeur Shopify\u00a0<em><i>[AJOUTEZ TOUT AUTRE FOURNISSEUR AVEC LEQUEL VOUS PARTAGEZ CES INFORMATIONS. PAR EXEMPLE, CANAUX DE VENTE, PASSERELLES DE PAIEMENT, APPLICATIONS D'EXP\u00c9DITION ET DE TRAITEMENT DES COMMANDES].<\/i><\/em>.<\/li><\/ul><p><u>Informations sur l'assistance \u00e0 la client\u00e8le<\/u><\/p><ul><li><strong>Exemples d'informations personnelles collect\u00e9es :<\/strong><em><i>[MODIFICATIONS DES INFORMATIONS \u00c9NUM\u00c9R\u00c9ES CI-DESSUS OU INFORMATIONS COMPL\u00c9MENTAIRES SI N\u00c9CESSAIRE]<\/i><\/em><\/li><li><strong>Objectif de la collecte :<\/strong>pour fournir une assistance \u00e0 la client\u00e8le.<\/li><li><strong>Source de la collection :<\/strong>recueillies aupr\u00e8s de vous.<\/li><li><strong>Divulgation \u00e0 des fins professionnelles :<\/strong><em><i>[AJOUTER TOUT FOURNISSEUR UTILIS\u00c9 POUR L'ASSISTANCE \u00c0 LA CLIENT\u00c8LE].<\/i><\/em><\/li><\/ul><p><em><i>[INS\u00c9RER TOUTE AUTRE INFORMATION QUE VOUS RECUEILLEZ : DONN\u00c9ES HORS LIGNE, DONN\u00c9ES\/LISTES MARKETING ACHET\u00c9ES]<\/i><\/em><\/p><p><em><i>[INS\u00c9RER LA SECTION SUIVANTE SI UNE RESTRICTION D'\u00c2GE EST REQUISE]<\/i><\/em><\/p><h2><strong><b>Mineurs<\/b><\/strong><\/h2><p>Le site n'est pas destin\u00e9 aux personnes \u00e2g\u00e9es de moins de\u00a0<em><i>[INS\u00c9RER L'\u00c2GE]<\/i><\/em>. Nous ne collectons pas intentionnellement d'informations personnelles aupr\u00e8s des enfants. Si vous \u00eates le parent ou le tuteur et que vous pensez que votre enfant nous a fourni des informations personnelles, veuillez nous contacter \u00e0 l'adresse ci-dessous pour en demander la suppression.<\/p><h1><strong><b>Partage des informations personnelles<\/b><\/strong><\/h1><p>Nous partageons vos informations personnelles avec des prestataires de services pour nous aider \u00e0 fournir nos services et \u00e0 remplir nos contrats avec vous, comme d\u00e9crit ci-dessus. Par exemple :<\/p><ul><li>Nous utilisons Shopify pour notre boutique en ligne. Vous pouvez en savoir plus sur la fa\u00e7on dont Shopify utilise vos informations personnelles ici :\u00a0<a href=\"https:\/\/www.shopify.com\/legal\/privacy\"><u>https:\/\/www.shopify.com\/legal\/privacy<\/u><\/a>.<\/li><li>Nous pouvons partager vos informations personnelles pour nous conformer aux lois et r\u00e9glementations applicables, pour r\u00e9pondre \u00e0 une citation \u00e0 compara\u00eetre, \u00e0 un mandat de recherche ou \u00e0 toute autre demande l\u00e9gale d'informations que nous recevons, ou pour prot\u00e9ger nos droits de toute autre mani\u00e8re.<\/li><li><i><\/i><em><i>[INS\u00c9RER DES INFORMATIONS SUR LES AUTRES PRESTATAIRES DE SERVICES]<\/i><\/em><\/li><\/ul><p><em><i>[INCLURE LA SECTION SUIVANTE SI VOUS UTILISEZ LE REMARKETING OU LA PUBLICIT\u00c9 CIBL\u00c9E].<\/i><\/em><\/p><h2><strong><b>Publicit\u00e9 comportementale<\/b><\/strong><\/h2><p>Comme d\u00e9crit ci-dessus, nous utilisons vos informations personnelles pour vous fournir des publicit\u00e9s cibl\u00e9es ou des communications marketing que nous pensons susceptibles de vous int\u00e9resser. Par exemple :<\/p><ul><li><i><\/i><em><i>[INS\u00c9RER LE CAS \u00c9CH\u00c9ANT]<\/i><\/em>Nous utilisons Google Analytics pour nous aider \u00e0 comprendre comment nos clients utilisent le site. Pour en savoir plus sur l'utilisation de vos informations personnelles par Google, cliquez ici :\u00a0<a href=\"https:\/\/policies.google.com\/privacy?hl=en\"><u>https:\/\/policies.google.com\/privacy?hl=en<\/u><\/a>.Vous pouvez \u00e9galement d\u00e9sactiver Google Analytics ici :\u00a0<a href=\"https:\/\/tools.google.com\/dlpage\/gaoptout\"><u>https:\/\/tools.google.com\/dlpage\/gaoptout<\/u><\/a>.<\/li><li><i><\/i><em><i>[INS\u00c9RER SI VOUS UTILISEZ UNE APPLICATION MARKETING TIERCE QUI COLLECTE DES INFORMATIONS SUR L'ACTIVIT\u00c9 DES ACHETEURS SUR VOTRE SITE].<\/i><\/em>Nous partageons avec nos partenaires publicitaires des informations sur votre utilisation du site, vos achats et votre interaction avec nos publicit\u00e9s sur d'autres sites web. Nous collectons et partageons certaines de ces informations directement avec nos partenaires publicitaires et, dans certains cas, par le biais de cookies ou d'autres technologies similaires (auxquelles vous pouvez consentir, en fonction de votre localisation).<\/li><li><i><\/i><em><i>[INS\u00c9RER LES AUTRES SERVICES DE PUBLICIT\u00c9 UTILIS\u00c9S]<\/i><\/em><\/li><\/ul><p>Pour plus d'informations sur le fonctionnement de la publicit\u00e9 cibl\u00e9e, vous pouvez consulter la page \u00e9ducative de la Network Advertising Initiative (\u201cNAI\u201d) \u00e0 l'adresse suivante\u00a0<a href=\"http:\/\/www.networkadvertising.org\/understanding-online-advertising\/how-does-it-work\"><u>http:\/\/www.networkadvertising.org\/understanding-online-advertising\/how-does-it-work<\/u><\/a>.<\/p><p>Vous pouvez vous opposer \u00e0 la publicit\u00e9 cibl\u00e9e en proc\u00e9dant comme suit :<\/p><p><em><i>[INCLURE DES LIENS DE D\u00c9SINSCRIPTION POUR LES SERVICES UTILIS\u00c9S. LES LIENS LES PLUS COURANTS SONT LES SUIVANTS :<\/i><\/em><\/p><ul><li><i><\/i><em><i>FACEBOOK -\u00a0<\/i><\/em><a href=\"https:\/\/www.facebook.com\/settings\/?tab=ads\"><u>https:\/\/www.facebook.com\/settings\/?tab=ads<\/u><\/a><\/li><li><i><\/i><em><i>GOOGLE -\u00a0<\/i><\/em><a href=\"https:\/\/www.google.com\/settings\/ads\/anonymous\"><u>https:\/\/www.google.com\/settings\/ads\/anonymous<\/u><\/a><\/li><li><i><\/i><em><i>BING -\u00a0<\/i><\/em><a href=\"https:\/\/advertise.bingads.microsoft.com\/en-us\/resources\/policies\/personalized-ads\"><u>https:\/\/advertise.bingads.microsoft.com\/en-us\/resources\/policies\/personalized-ads<\/u><\/a><em><i>]<\/i><\/em><\/li><\/ul><p>En outre, vous pouvez refuser certains de ces services en visitant le portail de d\u00e9sactivation de la Digital Advertising Alliance (Alliance pour la publicit\u00e9 num\u00e9rique) \u00e0 l'adresse suivante\u00a0<a href=\"http:\/\/optout.aboutads.info\/\"><u>http:\/\/optout.aboutads.info\/<\/u><\/a>.<\/p><h1><strong><b>Utilisation des informations personnelles<\/b><\/strong><\/h1><p>Nous utilisons vos informations personnelles pour vous fournir nos services, ce qui inclut : la mise en vente de produits, le traitement des paiements, l'exp\u00e9dition et l'ex\u00e9cution de votre commande, et la mise \u00e0 jour de nos nouveaux produits, services et offres.<\/p><p><em><i>[INCLURE LA SECTION SUIVANTE SI VOTRE MAGASIN EST SITU\u00c9 EN EUROPE OU SI VOUS AVEZ DES CLIENTS EN EUROPE].<\/i><\/em><\/p><h2><strong><b>Base juridique<\/b><\/strong><\/h2><p>Conform\u00e9ment au r\u00e8glement g\u00e9n\u00e9ral sur la protection des donn\u00e9es (\u201cRGPD\u201d), si vous \u00eates un r\u00e9sident de l'Espace \u00e9conomique europ\u00e9en (\u201cEEE\u201d), nous traitons vos informations personnelles sur les bases l\u00e9gales suivantes :<\/p><p><em><i>[INCLURE TOUS LES \u00c9L\u00c9MENTS QUI S'APPLIQUENT \u00c0 VOTRE ENTREPRISE]<\/i><\/em><\/p><ul><li>Votre consentement ;<\/li><li>l'ex\u00e9cution du contrat entre vous et le site ;<\/li><li>Respect de nos obligations l\u00e9gales ;<\/li><li>Prot\u00e9ger vos int\u00e9r\u00eats vitaux ;<\/li><li>Ex\u00e9cuter une t\u00e2che dans l'int\u00e9r\u00eat public ;<\/li><li>Pour nos int\u00e9r\u00eats l\u00e9gitimes, qui ne pr\u00e9valent pas sur vos droits et libert\u00e9s fondamentaux.<\/li><\/ul><h2><strong><b>R\u00e9tention<\/b><\/strong><\/h2><p>Lorsque vous passez une commande sur le site, nous conservons vos informations personnelles dans nos dossiers, \u00e0 moins que vous ne nous demandiez de les effacer. Pour plus d'informations sur votre droit d'effacement, veuillez consulter la section \u2018Vos droits\u2019 ci-dessous.<\/p><h2><strong><b>Prise de d\u00e9cision automatique<\/b><\/strong><\/h2><p>Si vous r\u00e9sidez dans l'EEE, vous avez le droit de vous opposer \u00e0 un traitement fond\u00e9 uniquement sur une prise de d\u00e9cision automatis\u00e9e (qui inclut le profilage), lorsque cette prise de d\u00e9cision a un effet juridique sur vous ou vous affecte de mani\u00e8re significative.<\/p><p>Nous\u00a0<em><i>[FAIRE\/NON FAIRE]<\/i><\/em>\u00a0prendre des d\u00e9cisions enti\u00e8rement automatis\u00e9es qui ont un effet juridique ou autrement significatif en utilisant les donn\u00e9es des clients.<\/p><p>Notre sous-traitant Shopify utilise une prise de d\u00e9cision automatis\u00e9e limit\u00e9e pour pr\u00e9venir la fraude qui n'a pas d'effet juridique ou d'autre effet significatif sur vous.<\/p><p>Les services qui comprennent des \u00e9l\u00e9ments de prise de d\u00e9cision automatis\u00e9e sont les suivants<\/p><ul><li>Liste temporaire d'adresses IP associ\u00e9es \u00e0 des \u00e9checs r\u00e9p\u00e9t\u00e9s de transactions. Cette liste est conserv\u00e9e pendant un petit nombre d'heures.<\/li><li>Liste temporaire des cartes de cr\u00e9dit associ\u00e9es aux adresses IP refus\u00e9es. Cette liste persiste pendant un petit nombre de jours.<\/li><\/ul><p><em><i>[N'INCLURE LA SECTION SUIVANTE QUE SI VOUS VENDEZ DES INFORMATIONS PERSONNELLES, TELLES QUE D\u00c9FINIES PAR LA LOI CALIFORNIENNE SUR LA PROTECTION DE LA VIE PRIV\u00c9E DES CONSOMMATEURS (CALIFORNIA CONSUMER PRIVACY ACT)]<\/i><\/em><\/p><h1><strong><b>Vente d'informations personnelles<\/b><\/strong><\/h1><p>Notre site vend des informations personnelles, telles que d\u00e9finies par la loi californienne de 2018 sur la protection de la vie priv\u00e9e des consommateurs (\u201cCCPA\u201d).<\/p><p><em><i>[INS\u00c9RER :<\/i><\/em><\/p><ul><li><i><\/i><em><i>LES CAT\u00c9GORIES D'INFORMATIONS VENDUES ;<\/i><\/em><\/li><li><i><\/i><em><i>DES INSTRUCTIONS SUR LA MANI\u00c8RE DE REFUSER LA VENTE ;<\/i><\/em><\/li><li><i><\/i><em><i>SI VOTRE ENTREPRISE VEND DES INFORMATIONS SUR DES MINEURS (MOINS DE 16 ANS) ET SI VOUS OBTENEZ UNE AUTORISATION AFFIRMATIVE ;<\/i><\/em><\/li><li><i><\/i><em><i>SI VOUS OFFREZ UNE INCITATION FINANCI\u00c8RE \u00c0 NE PAS VENDRE LES INFORMATIONS, FOURNISSEZ DES INFORMATIONS SUR CETTE INCITATION].<\/i><\/em><\/li><\/ul><h1><strong><b>Vos droits<\/b><\/strong><\/h1><p><em><i>[INCLURE LA SECTION SUIVANTE SI VOTRE MAGASIN EST SITU\u00c9 EN EUROPE OU SI VOUS AVEZ DES CLIENTS EN EUROPE].<\/i><\/em><\/p><h2><strong><b>GDPR<\/b><\/strong><\/h2><p>Si vous r\u00e9sidez dans l'EEE, vous avez le droit d'acc\u00e9der aux informations personnelles que nous d\u00e9tenons \u00e0 votre sujet, de les porter \u00e0 un nouveau service et de demander que vos informations personnelles soient corrig\u00e9es, mises \u00e0 jour ou effac\u00e9es. Si vous souhaitez exercer ces droits, veuillez nous contacter aux coordonn\u00e9es ci-dessous\u00a0<em><i>[OU INS\u00c9RER D'AUTRES INSTRUCTIONS POUR L'ENVOI DES DEMANDES D'ACC\u00c8S, D'EFFACEMENT, DE CORRECTION ET DE PORTABILIT\u00c9].<\/i><\/em><\/p><p>Vos informations personnelles seront d'abord trait\u00e9es en Irlande, puis transf\u00e9r\u00e9es en dehors de l'Europe pour y \u00eatre stock\u00e9es et trait\u00e9es ult\u00e9rieurement, notamment au Canada et aux \u00c9tats-Unis. Pour plus d'informations sur la conformit\u00e9 des transferts de donn\u00e9es avec le GDPR, consultez le livre blanc GDPR de Shopify :\u00a0<a href=\"https:\/\/help.shopify.com\/en\/manual\/your-account\/privacy\/GDPR\"><u>https:\/\/help.shopify.com\/en\/manual\/your-account\/privacy\/GDPR<\/u><\/a>.<\/p><p><em><i>[INCLURE LA SECTION SUIVANTE SI VOTRE ENTREPRISE EST SOUMISE \u00c0 LA LOI CALIFORNIENNE SUR LA PROTECTION DE LA VIE PRIV\u00c9E DES CONSOMMATEURS]<\/i><\/em><\/p><h2><strong><b>CCPA<\/b><\/strong><\/h2><p>Si vous r\u00e9sidez en Californie, vous avez le droit d'acc\u00e9der aux informations personnelles que nous d\u00e9tenons \u00e0 votre sujet (\u00e9galement connu sous le nom de \u2018droit de savoir\u2019), de les porter \u00e0 un nouveau service et de demander que vos informations personnelles soient corrig\u00e9es, mises \u00e0 jour ou effac\u00e9es. Si vous souhaitez exercer ces droits, veuillez nous contacter aux coordonn\u00e9es ci-dessous\u00a0<em><i>[OU INS\u00c9RER D'AUTRES INSTRUCTIONS POUR L'ENVOI DES DEMANDES D'ACC\u00c8S, D'EFFACEMENT, DE CORRECTION ET DE PORTABILIT\u00c9].<\/i><\/em>.<\/p><p>Si vous souhaitez d\u00e9signer un agent autoris\u00e9 \u00e0 soumettre ces demandes en votre nom, veuillez nous contacter \u00e0 l'adresse ci-dessous.<\/p><h1><strong><b>Cookies<\/b><\/strong><\/h1><p>Un cookie est une petite quantit\u00e9 d'informations qui est t\u00e9l\u00e9charg\u00e9e sur votre ordinateur ou votre appareil lorsque vous visitez notre site. Nous utilisons un certain nombre de cookies diff\u00e9rents, notamment des cookies fonctionnels, de performance, de publicit\u00e9, de m\u00e9dias sociaux ou de contenu. Les cookies am\u00e9liorent votre exp\u00e9rience de navigation en permettant au site web de se souvenir de vos actions et de vos pr\u00e9f\u00e9rences (telles que la connexion et le choix de la r\u00e9gion). Cela signifie que vous n'avez pas \u00e0 saisir ces informations \u00e0 chaque fois que vous revenez sur le site ou que vous naviguez d'une page \u00e0 l'autre. Les cookies fournissent \u00e9galement des informations sur la mani\u00e8re dont les internautes utilisent le site web, par exemple s'il s'agit de leur premi\u00e8re visite ou s'ils sont des visiteurs fr\u00e9quents.<\/p><p>Nous utilisons les cookies suivants pour optimiser votre exp\u00e9rience sur notre site et fournir nos services.<\/p><h2><strong><b>Cookies n\u00e9cessaires au fonctionnement du magasin<\/b><\/strong><\/h2><table><tbody><tr><td><p><strong>Nom<\/strong><\/p><\/td><td><p><strong>Fonction<\/strong><\/p><\/td><\/tr><tr><td><p><em><i>La loi sur les droits de l'homme n'est pas encore entr\u00e9e en vigueur, mais elle l'est.<\/i><\/em><\/p><\/td><td><p>Utilis\u00e9 dans le cadre de l'acc\u00e8s \u00e0 l'administration.<\/p><\/td><\/tr><tr><td><p><em><i>Id_de_session_s\u00e9curis\u00e9e<\/i><\/em><\/p><\/td><td><p>Utilis\u00e9 dans le cadre de la navigation dans une vitrine.<\/p><\/td><\/tr><tr><td><p><em><i>chariot<\/i><\/em><\/p><\/td><td><p>Utilis\u00e9 en relation avec le panier d'achat.<\/p><\/td><\/tr><tr><td><p><em><i>cart_sig<\/i><\/em><\/p><\/td><td><p>Utilis\u00e9 en relation avec la caisse.<\/p><\/td><\/tr><tr><td><p><em><i>cart_ts<\/i><\/em><\/p><\/td><td><p>Utilis\u00e9 en relation avec la caisse.<\/p><\/td><\/tr><tr><td><p><em><i>checkout_token<\/i><\/em><\/p><\/td><td><p>Utilis\u00e9 en relation avec la caisse.<\/p><\/td><\/tr><tr><td><p><em><i>secret<\/i><\/em><\/p><\/td><td><p>Utilis\u00e9 en relation avec la caisse.<\/p><\/td><\/tr><tr><td><p><em><i>s\u00e9curiser_customer_sig<\/i><\/em><\/p><\/td><td><p>Utilis\u00e9 dans le cadre de la connexion des clients.<\/p><\/td><\/tr><tr><td><p><em><i>storefront_digest<\/i><\/em><\/p><\/td><td><p>Utilis\u00e9 dans le cadre de la connexion des clients.<\/p><\/td><\/tr><tr><td><p><em><i>shopify_u<\/i><\/em><\/p><\/td><td><p>Utilis\u00e9 pour faciliter la mise \u00e0 jour des informations relatives au compte du client.<\/p><\/td><\/tr><\/tbody><\/table><h2><strong><b>Rapports et analyses<\/b><\/strong><\/h2><table><tbody><tr><td><p><strong>Nom<\/strong><\/p><\/td><td><p><strong>Fonction<\/strong><\/p><\/td><\/tr><tr><td><p><em><i>Consentement \u00e0 la tra\u00e7abilit\u00e9<\/i><\/em><\/p><\/td><td><p>Pr\u00e9f\u00e9rences de suivi.<\/p><\/td><\/tr><tr><td><p><em><i>Page d'accueil<\/i><\/em><\/p><\/td><td><p>Suivre les pages d'atterrissage<\/p><\/td><\/tr><tr><td><p><em><i>_orig_referrer<\/i><\/em><\/p><\/td><td><p>Suivre les pages d'atterrissage<\/p><\/td><\/tr><tr><td><p><em><i>_s<\/i><\/em><\/p><\/td><td><p>Analyse de Shopify.<\/p><\/td><\/tr><tr><td><p><em><i>shopify_fs<\/i><\/em><\/p><\/td><td><p>Analyse de Shopify.<\/p><\/td><\/tr><tr><td><p><em><i>shopify_s<\/i><\/em><\/p><\/td><td><p>Analyse de Shopify.<\/p><\/td><\/tr><tr><td><p><em><i>shopify_sa_p<\/i><\/em><\/p><\/td><td><p>Analyses de Shopify relatives au marketing et aux r\u00e9f\u00e9rences.<\/p><\/td><\/tr><tr><td><p><em><i>shopify_sa_t<\/i><\/em><\/p><\/td><td><p>Analyses de Shopify relatives au marketing et aux r\u00e9f\u00e9rences.<\/p><\/td><\/tr><tr><td><p><em><i>shopify_y<\/i><\/em><\/p><\/td><td><p>Analyse de Shopify.<\/p><\/td><\/tr><tr><td><p><em><i>_y<\/i><\/em><\/p><\/td><td><p>Analyse de Shopify.<\/p><\/td><\/tr><\/tbody><\/table><p><em><i>[INS\u00c9RER D'AUTRES COOKIES OU TECHNOLOGIES DE SUIVI QUE VOUS UTILISEZ].<\/i><\/em><\/p><p>La dur\u00e9e pendant laquelle un cookie reste sur votre ordinateur ou votre appareil mobile varie selon qu'il s'agit d'un cookie \u201cpersistant\u201d ou d'un cookie \u201cde session\u201d. Les cookies de session durent jusqu'\u00e0 ce que vous arr\u00eatiez de naviguer et les cookies persistants durent jusqu'\u00e0 ce qu'ils expirent ou soient supprim\u00e9s. La plupart des cookies que nous utilisons sont persistants et expirent entre 30 minutes et deux ans \u00e0 compter de la date \u00e0 laquelle ils ont \u00e9t\u00e9 t\u00e9l\u00e9charg\u00e9s sur votre appareil.<\/p><p>Vous pouvez contr\u00f4ler et g\u00e9rer les cookies de diff\u00e9rentes mani\u00e8res. N'oubliez pas que la suppression ou le blocage des cookies peut avoir un impact n\u00e9gatif sur votre exp\u00e9rience d'utilisateur et que certaines parties de notre site web peuvent ne plus \u00eatre enti\u00e8rement accessibles.<\/p><p>La plupart des navigateurs acceptent automatiquement les cookies, mais vous pouvez choisir d'accepter ou non les cookies par le biais des contr\u00f4les de votre navigateur, qui se trouvent souvent dans le menu \u201cOutils\u201d ou \u201cPr\u00e9f\u00e9rences\u201d de votre navigateur. Pour plus d'informations sur la mani\u00e8re de modifier les param\u00e8tres de votre navigateur ou de bloquer, g\u00e9rer ou filtrer les cookies, vous pouvez consulter le fichier d'aide de votre navigateur ou des sites tels que\u00a0<a href=\"https:\/\/alyathletics.com\/policies\/www.allaboutcookies.org\"><u>www.allaboutcookies.org<\/u><\/a>.<\/p><p>En outre, veuillez noter que le blocage des cookies peut ne pas emp\u00eacher compl\u00e8tement la fa\u00e7on dont nous partageons des informations avec des tiers tels que nos partenaires publicitaires. Pour exercer vos droits ou refuser certaines utilisations de vos informations par ces parties, veuillez suivre les instructions de la section \u201cPublicit\u00e9 comportementale\u201d ci-dessus.<\/p><h2><strong><b>Ne pas suivre<\/b><\/strong><\/h2><p>Veuillez noter qu'\u00e9tant donn\u00e9 qu'il n'existe pas de consensus dans le secteur sur la mani\u00e8re de r\u00e9pondre aux signaux \u201cDo Not Track\u201d, nous ne modifions pas nos pratiques de collecte et d'utilisation des donn\u00e9es lorsque nous d\u00e9tectons un tel signal de la part de votre navigateur.<\/p><h1><strong><b>Changements<\/b><\/strong><\/h1><p>Nous pouvons mettre \u00e0 jour la pr\u00e9sente politique de confidentialit\u00e9 de temps \u00e0 autre afin de refl\u00e9ter, par exemple, les changements apport\u00e9s \u00e0 nos pratiques ou pour d'autres raisons op\u00e9rationnelles, juridiques ou r\u00e9glementaires.<\/p><h1><strong><b>Contact<\/b><\/strong><\/h1><p>Pour plus d'informations sur nos pratiques en mati\u00e8re de protection de la vie priv\u00e9e, si vous avez des questions ou si vous souhaitez d\u00e9poser une plainte, veuillez nous contacter par courrier \u00e9lectronique \u00e0 l'adresse [adresse \u00e9lectronique] ou par courrier aux coordonn\u00e9es indiqu\u00e9es ci-dessous :<\/p><p>\u00a0HYPERZONE TECHNOLOGY CO. LIMITED, FLAT\/RM A 12\/F ZJ 300 300LOCKHART RD WAN CHAIHONG KONG<\/p><p>Derni\u00e8re mise \u00e0 jour :\u00a0<em><i>[DATE]<\/i><\/em><\/p><p>Si vous n'\u00eates pas satisfait de notre r\u00e9ponse \u00e0 votre plainte, vous avez le droit de d\u00e9poser votre plainte aupr\u00e8s de l'autorit\u00e9 comp\u00e9tente en mati\u00e8re de protection des donn\u00e9es. Vous pouvez contacter votre autorit\u00e9 locale de protection des donn\u00e9es ou notre autorit\u00e9 de contr\u00f4le ici :\u00a0<em><i>[AJOUTEZ LES COORDONN\u00c9ES OU LE SITE WEB DE L'AUTORIT\u00c9 CHARG\u00c9E DE LA PROTECTION DES DONN\u00c9ES DANS VOTRE JURIDICTION. PAR EXEMPLE :<\/i><\/em>\u00a0<a href=\"https:\/\/ico.org.uk\/make-a-complaint\/\"><u>https:\/\/ico.org.uk\/make-a-complaint\/<\/u><\/a><em><i>]<\/i><\/em><\/p>\t\t\t\t\t\t\t\t<\/div>\n\t\t\t\t\t<\/div>\n\t\t\t\t<\/div>\n\t\t\t\t<\/div>","protected":false},"excerpt":{"rendered":"<p>Privacy Policy This Privacy Policy describes how https:\/\/app.hzdrop.com (the \u201cSite\u201d or \u201cwe\u201d) collects, uses, and discloses your Personal Information when you visit or make a purchase from the Site. Collecting Personal Information When you visit the Site, we collect certain information about your device, your interaction with the Site, and information necessary to process your [&hellip;]<\/p>","protected":false},"author":1,"featured_media":0,"parent":0,"menu_order":0,"comment_status":"closed","ping_status":"closed","template":"","meta":{"footnotes":""},"class_list":["post-3","page","type-page","status-publish","hentry"],"_hostinger_reach_plugin_has_subscription_block":false,"_hostinger_reach_plugin_is_elementor":false,"_links":{"self":[{"href":"https:\/\/hzdrop.com\/fr\/wp-json\/wp\/v2\/pages\/3","targetHints":{"allow":["GET"]}}],"collection":[{"href":"https:\/\/hzdrop.com\/fr\/wp-json\/wp\/v2\/pages"}],"about":[{"href":"https:\/\/hzdrop.com\/fr\/wp-json\/wp\/v2\/types\/page"}],"author":[{"embeddable":true,"href":"https:\/\/hzdrop.com\/fr\/wp-json\/wp\/v2\/users\/1"}],"replies":[{"embeddable":true,"href":"https:\/\/hzdrop.com\/fr\/wp-json\/wp\/v2\/comments?post=3"}],"version-history":[{"count":10,"href":"https:\/\/hzdrop.com\/fr\/wp-json\/wp\/v2\/pages\/3\/revisions"}],"predecessor-version":[{"id":807,"href":"https:\/\/hzdrop.com\/fr\/wp-json\/wp\/v2\/pages\/3\/revisions\/807"}],"wp:attachment":[{"href":"https:\/\/hzdrop.com\/fr\/wp-json\/wp\/v2\/media?parent=3"}],"curies":[{"name":"wp","href":"https:\/\/api.w.org\/{rel}","templated":true}]}}