{"id":496,"date":"2026-01-14T01:58:41","date_gmt":"2026-01-14T01:58:41","guid":{"rendered":"https:\/\/peru-seal-791092.hostingersite.com\/?page_id=496"},"modified":"2026-01-14T05:40:10","modified_gmt":"2026-01-14T05:40:10","slug":"news-blog","status":"publish","type":"page","link":"https:\/\/hzdrop.com\/hr\/about-us\/news-blog\/","title":{"rendered":"Vijesti i blog"},"content":{"rendered":"<div data-elementor-type=\"wp-page\" data-elementor-id=\"496\" class=\"elementor elementor-496\" data-elementor-post-type=\"page\">\n\t\t\t\t\t\t<section class=\"elementor-section elementor-top-section elementor-element elementor-element-6db6b5a9 elementor-section-boxed elementor-section-height-default elementor-section-height-default\" data-id=\"6db6b5a9\" data-element_type=\"section\" data-e-type=\"section\" data-settings=\"{&quot;background_background&quot;:&quot;classic&quot;}\">\n\t\t\t\t\t\t<div class=\"elementor-container elementor-column-gap-default\">\n\t\t\t\t\t<div class=\"elementor-column elementor-col-100 elementor-top-column elementor-element elementor-element-63b228e\" data-id=\"63b228e\" data-element_type=\"column\" data-e-type=\"column\">\n\t\t\t<div class=\"elementor-widget-wrap elementor-element-populated\">\n\t\t\t\t\t\t<div class=\"elementor-element elementor-element-41a63f84 elementor-invisible elementor-widget elementor-widget-heading\" data-id=\"41a63f84\" data-element_type=\"widget\" data-e-type=\"widget\" data-settings=\"{&quot;_animation&quot;:&quot;fadeIn&quot;}\" data-widget_type=\"heading.default\">\n\t\t\t\t\t<div class=\"elementor-heading-title elementor-size-default\">Pogledajte na\u0161e vijesti<\/div>\t\t\t\t<\/div>\n\t\t\t\t<div class=\"elementor-element elementor-element-68f28ff3 elementor-invisible elementor-widget elementor-widget-icon-box\" data-id=\"68f28ff3\" data-element_type=\"widget\" data-e-type=\"widget\" data-settings=\"{&quot;_animation&quot;:&quot;fadeInUp&quot;,&quot;_animation_delay&quot;:100}\" data-widget_type=\"icon-box.default\">\n\t\t\t\t\t\t\t<div class=\"elementor-icon-box-wrapper\">\n\n\t\t\t\n\t\t\t\t\t\t<div class=\"elementor-icon-box-content\">\n\n\t\t\t\t\t\t\t\t\t<h2 class=\"elementor-icon-box-title\">\n\t\t\t\t\t\t<span  >\n\t\t\t\t\t\t\tNajnoviji blog i \u010dlanci\t\t\t\t\t\t<\/span>\n\t\t\t\t\t<\/h2>\n\t\t\t\t\n\t\t\t\t\t\t\t\t\t<p class=\"elementor-icon-box-description\">\n\t\t\t\t\t\tBudite korak ispred uz uvide USAdrop. Otkrijte najnovije trendove u e-trgovini, strategije dropshippinga i a\u017euriranja platformi za rast va\u0161eg poslovanja. Primajte stru\u010dne savjete, pri\u010de o uspjehu i vijesti iz industrije izravno do sebe.\t\t\t\t\t<\/p>\n\t\t\t\t\n\t\t\t<\/div>\n\t\t\t\n\t\t<\/div>\n\t\t\t\t\t\t<\/div>\n\t\t\t\t<div class=\"elementor-element elementor-element-6c70dfb1 elementor-grid-tablet-1 elementor-posts--align-center elementor-grid-3 elementor-grid-mobile-1 elementor-posts--thumbnail-top elementor-invisible elementor-widget elementor-widget-posts\" data-id=\"6c70dfb1\" data-element_type=\"widget\" data-e-type=\"widget\" data-settings=\"{&quot;classic_columns_tablet&quot;:&quot;1&quot;,&quot;_animation&quot;:&quot;fadeInUp&quot;,&quot;_animation_delay&quot;:200,&quot;classic_columns&quot;:&quot;3&quot;,&quot;classic_columns_mobile&quot;:&quot;1&quot;,&quot;classic_row_gap&quot;:{&quot;unit&quot;:&quot;px&quot;,&quot;size&quot;:35,&quot;sizes&quot;:[]},&quot;classic_row_gap_tablet&quot;:{&quot;unit&quot;:&quot;px&quot;,&quot;size&quot;:&quot;&quot;,&quot;sizes&quot;:[]},&quot;classic_row_gap_mobile&quot;:{&quot;unit&quot;:&quot;px&quot;,&quot;size&quot;:&quot;&quot;,&quot;sizes&quot;:[]}}\" data-widget_type=\"posts.classic\">\n\t\t\t\t<div class=\"elementor-widget-container\">\n\t\t\t\t\t\t\t<div class=\"elementor-posts-container elementor-posts elementor-posts--skin-classic elementor-grid\" role=\"list\">\r\n\t\t\t\t<article class=\"elementor-post elementor-grid-item post-373 post type-post status-publish format-standard hentry category-post\" role=\"listitem\">\r\n\t\t\t\t<div class=\"elementor-post__text\">\r\n\t\t\t\t<h3 class=\"elementor-post__title\">\r\n\t\t\t<a href=\"https:\/\/hzdrop.com\/hr\/brand-customization-and-growth-support-building-your-own-e-commerce-identity\/\" >\r\n\t\t\t\tPrilagodba brenda i podr\u0161ka rastu \u2014 izgradnja vlastitog identiteta u e-trgovini\t\t\t<\/a>\r\n\t\t<\/h3>\r\n\t\t\t\t<div class=\"elementor-post__meta-data\">\r\n\t\t\t\t\t<span class=\"elementor-post-date\">\r\n\t\t\t13 sije\u010dnja, 2026\t\t<\/span>\r\n\t\t\t\t<span class=\"elementor-post-time\">\r\n\t\t\t5:24 ujutro\t\t<\/span>\r\n\t\t\t\t<\/div>\r\n\t\t\t\t<div class=\"elementor-post__excerpt\">\r\n\t\t\t<p>U dana\u0161njem okru\u017eenju e-trgovine, diferencijacija i identitet brenda klju\u010dni su za dugoro\u010dni uspjeh. https:\/\/hzdrop.com ide dalje od nabave proizvoda i ispunjavanja narud\u017ebi nude\u0107i usluge prilagodbe brenda. Prodava\u010di mogu dizajnirati personalizirano pakiranje,<\/p>\n\t\t<\/div>\r\n\t\t\r\n\t\t<a class=\"elementor-post__read-more\" href=\"https:\/\/hzdrop.com\/hr\/brand-customization-and-growth-support-building-your-own-e-commerce-identity\/\" aria-label=\"Read more about Brand Customization and Growth Support \u2014 Building Your Own E-Commerce Identity\" tabindex=\"-1\" >\r\n\t\t\tPro\u010ditaj vi\u0161e \u00bb\t\t<\/a>\r\n\r\n\t\t\t\t<\/div>\r\n\t\t\t\t<\/article>\r\n\t\t\t\t<article class=\"elementor-post elementor-grid-item post-371 post type-post status-publish format-standard hentry category-post\" role=\"listitem\">\r\n\t\t\t\t<div class=\"elementor-post__text\">\r\n\t\t\t\t<h3 class=\"elementor-post__title\">\r\n\t\t\t<a href=\"https:\/\/hzdrop.com\/hr\/automated-fulfillment-and-global-warehousing-dropsures-core-strengths\/\" >\r\n\t\t\t\tAutomirano ispunjavanje narud\u017ebi i globalno skladi\u0161tenje \u2014 klju\u010dne snage HyperZonea\t\t\t<\/a>\r\n\t\t<\/h3>\r\n\t\t\t\t<div class=\"elementor-post__meta-data\">\r\n\t\t\t\t\t<span class=\"elementor-post-date\">\r\n\t\t\t13 sije\u010dnja, 2026\t\t<\/span>\r\n\t\t\t\t<span class=\"elementor-post-time\">\r\n\t\t\t5:23 ujutro\t\t<\/span>\r\n\t\t\t\t<\/div>\r\n\t\t\t\t<div class=\"elementor-post__excerpt\">\r\n\t\t\t<p>Tradicionalna e-trgovina zahtijeva od prodava\u010da upravljanje zalihama, pakiranje narud\u017ebi i organiziranje dostave \u2014 dugotrajan i sklon pogre\u0161kama proces. Automatska zna\u010dajka ispunjavanja narud\u017ebi tvrtkehttps:\/\/hzdrop.com otklanja te izazove. Kad je narud\u017eba zaprimljena,<\/p>\n\t\t<\/div>\r\n\t\t\r\n\t\t<a class=\"elementor-post__read-more\" href=\"https:\/\/hzdrop.com\/hr\/automated-fulfillment-and-global-warehousing-dropsures-core-strengths\/\" aria-label=\"Read more about Automated Fulfillment and Global Warehousing \u2014 HyperZone Core Strengths\" tabindex=\"-1\" >\r\n\t\t\tPro\u010ditaj vi\u0161e \u00bb\t\t<\/a>\r\n\r\n\t\t\t\t<\/div>\r\n\t\t\t\t<\/article>\r\n\t\t\t\t<article class=\"elementor-post elementor-grid-item post-368 post type-post status-publish format-standard hentry category-post\" role=\"listitem\">\r\n\t\t\t\t<div class=\"elementor-post__text\">\r\n\t\t\t\t<h3 class=\"elementor-post__title\">\r\n\t\t\t<a href=\"https:\/\/hzdrop.com\/hr\/the-all-in-one-solution-for-cross-border-e-commerce\/\" >\r\n\t\t\t\tSveobuhvatno rje\u0161enje za prekograni\u010dnu e-trgovinu\t\t\t<\/a>\r\n\t\t<\/h3>\r\n\t\t\t\t<div class=\"elementor-post__meta-data\">\r\n\t\t\t\t\t<span class=\"elementor-post-date\">\r\n\t\t\t13 sije\u010dnja, 2026\t\t<\/span>\r\n\t\t\t\t<span class=\"elementor-post-time\">\r\n\t\t\t5:22 ujutro\t\t<\/span>\r\n\t\t\t\t<\/div>\r\n\t\t\t\t<div class=\"elementor-post__excerpt\">\r\n\t\t\t<p>U konkurentnom svijetu prekograni\u010dne e-trgovine prodava\u010di se \u010desto bore s nabavom proizvoda, dostavom i korisni\u010dkom podr\u0161kom. https:\/\/hzdrop.com je stvoren da rije\u0161i te probleme. S pristupom vi\u0161e od jednog<\/p>\n\t\t<\/div>\r\n\t\t\r\n\t\t<a class=\"elementor-post__read-more\" href=\"https:\/\/hzdrop.com\/hr\/the-all-in-one-solution-for-cross-border-e-commerce\/\" aria-label=\"Read more about The All-in-One Solution for Cross-Border E-Commerce\" tabindex=\"-1\" >\r\n\t\t\tPro\u010ditaj vi\u0161e \u00bb\t\t<\/a>\r\n\r\n\t\t\t\t<\/div>\r\n\t\t\t\t<\/article>\r\n\t\t\t\t<\/div>\r\n\t\t\r\n\t\t\t\t\t\t<\/div>\n\t\t\t\t<\/div>\n\t\t\t\t\t<\/div>\n\t\t<\/div>\n\t\t\t\t\t<\/div>\n\t\t<\/section>\n\t\t\t\t<\/div>","protected":false},"excerpt":{"rendered":"<p>Check Out Our News Latest Blog &amp; Articles Stay Ahead with USAdrop insights. Discover the latest e-commerce trends, dropshipping strategies, and platform updates to grow your business. Get expert tips,success stories, and industry news delivered straight to you.<\/p>","protected":false},"author":1,"featured_media":0,"parent":16,"menu_order":0,"comment_status":"closed","ping_status":"closed","template":"","meta":{"footnotes":""},"class_list":["post-496","page","type-page","status-publish","hentry"],"_hostinger_reach_plugin_has_subscription_block":false,"_hostinger_reach_plugin_is_elementor":false,"_links":{"self":[{"href":"https:\/\/hzdrop.com\/hr\/wp-json\/wp\/v2\/pages\/496","targetHints":{"allow":["GET"]}}],"collection":[{"href":"https:\/\/hzdrop.com\/hr\/wp-json\/wp\/v2\/pages"}],"about":[{"href":"https:\/\/hzdrop.com\/hr\/wp-json\/wp\/v2\/types\/page"}],"author":[{"embeddable":true,"href":"https:\/\/hzdrop.com\/hr\/wp-json\/wp\/v2\/users\/1"}],"replies":[{"embeddable":true,"href":"https:\/\/hzdrop.com\/hr\/wp-json\/wp\/v2\/comments?post=496"}],"version-history":[{"count":5,"href":"https:\/\/hzdrop.com\/hr\/wp-json\/wp\/v2\/pages\/496\/revisions"}],"predecessor-version":[{"id":583,"href":"https:\/\/hzdrop.com\/hr\/wp-json\/wp\/v2\/pages\/496\/revisions\/583"}],"up":[{"embeddable":true,"href":"https:\/\/hzdrop.com\/hr\/wp-json\/wp\/v2\/pages\/16"}],"wp:attachment":[{"href":"https:\/\/hzdrop.com\/hr\/wp-json\/wp\/v2\/media?parent=496"}],"curies":[{"name":"wp","href":"https:\/\/api.w.org\/{rel}","templated":true}]}}